{"id":115,"date":"2023-06-21T07:13:28","date_gmt":"2023-06-21T07:13:28","guid":{"rendered":"https:\/\/corporate.tuttocapsule.it\/?page_id=115"},"modified":"2023-06-21T07:13:32","modified_gmt":"2023-06-21T07:13:32","slug":"perche-un-negozio-di-caffe-in-capsule","status":"publish","type":"page","link":"https:\/\/corporate.tuttocapsule.it\/es\/apri-il-tuo-negozio\/perche-un-negozio-di-caffe-in-capsule\/","title":{"rendered":"\u00bfPor qu\u00e9 una tienda de c\u00e1psulas de caf\u00e9?"},"content":{"rendered":"","protected":false},"excerpt":{"rendered":"","protected":false},"author":1,"featured_media":0,"parent":107,"menu_order":0,"comment_status":"closed","ping_status":"closed","template":"","meta":{"_acf_changed":false,"inline_featured_image":false,"footnotes":""},"class_list":["post-115","page","type-page","status-publish","hentry"],"acf":[],"yoast_head":"<!-- This site is optimized with the Yoast SEO plugin v24.7 - https:\/\/yoast.com\/wordpress\/plugins\/seo\/ -->\n<title>Perch\u00e8 un negozio di caff\u00e8 in capsule? - Tuttocapsule<\/title>\n<meta name=\"robots\" content=\"index, follow, max-snippet:-1, max-image-preview:large, max-video-preview:-1\" \/>\n<link rel=\"canonical\" href=\"https:\/\/corporate.tuttocapsule.it\/es\/apri-il-tuo-negozio\/perche-un-negozio-di-caffe-in-capsule\/\" \/>\n<meta property=\"og:locale\" content=\"es_ES\" \/>\n<meta property=\"og:type\" content=\"article\" \/>\n<meta property=\"og:title\" content=\"Perch\u00e8 un negozio di caff\u00e8 in capsule? - Tuttocapsule\" \/>\n<meta property=\"og:url\" content=\"https:\/\/corporate.tuttocapsule.it\/es\/apri-il-tuo-negozio\/perche-un-negozio-di-caffe-in-capsule\/\" \/>\n<meta property=\"og:site_name\" content=\"Tuttocapsule\" \/>\n<meta property=\"article:modified_time\" content=\"2023-06-21T07:13:32+00:00\" \/>\n<meta name=\"twitter:card\" content=\"summary_large_image\" \/>\n<script type=\"application\/ld+json\" class=\"yoast-schema-graph\">{\"@context\":\"https:\/\/schema.org\",\"@graph\":[{\"@type\":\"WebPage\",\"@id\":\"https:\/\/corporate.tuttocapsule.it\/apri-il-tuo-negozio\/perche-un-negozio-di-caffe-in-capsule\/\",\"url\":\"https:\/\/corporate.tuttocapsule.it\/apri-il-tuo-negozio\/perche-un-negozio-di-caffe-in-capsule\/\",\"name\":\"Perch\u00e8 un negozio di caff\u00e8 in capsule? - Tuttocapsule\",\"isPartOf\":{\"@id\":\"https:\/\/corporate.tuttocapsule.it\/#website\"},\"datePublished\":\"2023-06-21T07:13:28+00:00\",\"dateModified\":\"2023-06-21T07:13:32+00:00\",\"breadcrumb\":{\"@id\":\"https:\/\/corporate.tuttocapsule.it\/apri-il-tuo-negozio\/perche-un-negozio-di-caffe-in-capsule\/#breadcrumb\"},\"inLanguage\":\"es\",\"potentialAction\":[{\"@type\":\"ReadAction\",\"target\":[\"https:\/\/corporate.tuttocapsule.it\/apri-il-tuo-negozio\/perche-un-negozio-di-caffe-in-capsule\/\"]}]},{\"@type\":\"BreadcrumbList\",\"@id\":\"https:\/\/corporate.tuttocapsule.it\/apri-il-tuo-negozio\/perche-un-negozio-di-caffe-in-capsule\/#breadcrumb\",\"itemListElement\":[{\"@type\":\"ListItem\",\"position\":1,\"name\":\"Home\",\"item\":\"https:\/\/corporate.tuttocapsule.it\/\"},{\"@type\":\"ListItem\",\"position\":2,\"name\":\"Apri il tuo negozio\",\"item\":\"https:\/\/corporate.tuttocapsule.it\/apri-il-tuo-negozio\/\"},{\"@type\":\"ListItem\",\"position\":3,\"name\":\"Perch\u00e8 un negozio di caff\u00e8 in capsule?\"}]},{\"@type\":\"WebSite\",\"@id\":\"https:\/\/corporate.tuttocapsule.it\/#website\",\"url\":\"https:\/\/corporate.tuttocapsule.it\/\",\"name\":\"Tuttocapsule\",\"description\":\"Capsule e Cialde Caff\u00e8\",\"potentialAction\":[{\"@type\":\"SearchAction\",\"target\":{\"@type\":\"EntryPoint\",\"urlTemplate\":\"https:\/\/corporate.tuttocapsule.it\/?s={search_term_string}\"},\"query-input\":{\"@type\":\"PropertyValueSpecification\",\"valueRequired\":true,\"valueName\":\"search_term_string\"}}],\"inLanguage\":\"es\"}]}<\/script>\n<!-- \/ Yoast SEO plugin. -->","yoast_head_json":{"title":"Perch\u00e8 un negozio di caff\u00e8 in capsule? - Tuttocapsule","robots":{"index":"index","follow":"follow","max-snippet":"max-snippet:-1","max-image-preview":"max-image-preview:large","max-video-preview":"max-video-preview:-1"},"canonical":"https:\/\/corporate.tuttocapsule.it\/es\/apri-il-tuo-negozio\/perche-un-negozio-di-caffe-in-capsule\/","og_locale":"es_ES","og_type":"article","og_title":"Perch\u00e8 un negozio di caff\u00e8 in capsule? - Tuttocapsule","og_url":"https:\/\/corporate.tuttocapsule.it\/es\/apri-il-tuo-negozio\/perche-un-negozio-di-caffe-in-capsule\/","og_site_name":"Tuttocapsule","article_modified_time":"2023-06-21T07:13:32+00:00","twitter_card":"summary_large_image","schema":{"@context":"https:\/\/schema.org","@graph":[{"@type":"WebPage","@id":"https:\/\/corporate.tuttocapsule.it\/apri-il-tuo-negozio\/perche-un-negozio-di-caffe-in-capsule\/","url":"https:\/\/corporate.tuttocapsule.it\/apri-il-tuo-negozio\/perche-un-negozio-di-caffe-in-capsule\/","name":"Perch\u00e8 un negozio di caff\u00e8 in capsule? - Tuttocapsule","isPartOf":{"@id":"https:\/\/corporate.tuttocapsule.it\/#website"},"datePublished":"2023-06-21T07:13:28+00:00","dateModified":"2023-06-21T07:13:32+00:00","breadcrumb":{"@id":"https:\/\/corporate.tuttocapsule.it\/apri-il-tuo-negozio\/perche-un-negozio-di-caffe-in-capsule\/#breadcrumb"},"inLanguage":"es","potentialAction":[{"@type":"ReadAction","target":["https:\/\/corporate.tuttocapsule.it\/apri-il-tuo-negozio\/perche-un-negozio-di-caffe-in-capsule\/"]}]},{"@type":"BreadcrumbList","@id":"https:\/\/corporate.tuttocapsule.it\/apri-il-tuo-negozio\/perche-un-negozio-di-caffe-in-capsule\/#breadcrumb","itemListElement":[{"@type":"ListItem","position":1,"name":"Home","item":"https:\/\/corporate.tuttocapsule.it\/"},{"@type":"ListItem","position":2,"name":"Apri il tuo negozio","item":"https:\/\/corporate.tuttocapsule.it\/apri-il-tuo-negozio\/"},{"@type":"ListItem","position":3,"name":"Perch\u00e8 un negozio di caff\u00e8 in capsule?"}]},{"@type":"WebSite","@id":"https:\/\/corporate.tuttocapsule.it\/#website","url":"https:\/\/corporate.tuttocapsule.it\/","name":"Tuttocapsule","description":"Capsule e Cialde Caff\u00e8","potentialAction":[{"@type":"SearchAction","target":{"@type":"EntryPoint","urlTemplate":"https:\/\/corporate.tuttocapsule.it\/?s={search_term_string}"},"query-input":{"@type":"PropertyValueSpecification","valueRequired":true,"valueName":"search_term_string"}}],"inLanguage":"es"}]}},"_links":{"self":[{"href":"https:\/\/corporate.tuttocapsule.it\/es\/wp-json\/wp\/v2\/pages\/115","targetHints":{"allow":["GET"]}}],"collection":[{"href":"https:\/\/corporate.tuttocapsule.it\/es\/wp-json\/wp\/v2\/pages"}],"about":[{"href":"https:\/\/corporate.tuttocapsule.it\/es\/wp-json\/wp\/v2\/types\/page"}],"author":[{"embeddable":true,"href":"https:\/\/corporate.tuttocapsule.it\/es\/wp-json\/wp\/v2\/users\/1"}],"replies":[{"embeddable":true,"href":"https:\/\/corporate.tuttocapsule.it\/es\/wp-json\/wp\/v2\/comments?post=115"}],"version-history":[{"count":1,"href":"https:\/\/corporate.tuttocapsule.it\/es\/wp-json\/wp\/v2\/pages\/115\/revisions"}],"predecessor-version":[{"id":116,"href":"https:\/\/corporate.tuttocapsule.it\/es\/wp-json\/wp\/v2\/pages\/115\/revisions\/116"}],"up":[{"embeddable":true,"href":"https:\/\/corporate.tuttocapsule.it\/es\/wp-json\/wp\/v2\/pages\/107"}],"wp:attachment":[{"href":"https:\/\/corporate.tuttocapsule.it\/es\/wp-json\/wp\/v2\/media?parent=115"}],"curies":[{"name":"wp","href":"https:\/\/api.w.org\/{rel}","templated":true}]}}